{"id":2752,"date":"2024-05-06T20:46:23","date_gmt":"2024-05-06T20:46:23","guid":{"rendered":"https:\/\/www.smcautomation.it\/servizi\/"},"modified":"2026-01-05T14:46:44","modified_gmt":"2026-01-05T14:46:44","slug":"servizi","status":"publish","type":"page","link":"https:\/\/www.smcautomation.it\/it\/servizi\/","title":{"rendered":"Servizi"},"content":{"rendered":"<p><div class=\"fusion-fullwidth fullwidth-box fusion-builder-row-1 fusion-flex-container has-pattern-background has-mask-background nonhundred-percent-fullwidth non-hundred-percent-height-scrolling\" style=\"--awb-border-radius-top-left:0px;--awb-border-radius-top-right:0px;--awb-border-radius-bottom-right:0px;--awb-border-radius-bottom-left:0px;--awb-padding-top:80px;--awb-padding-bottom:80px;--awb-background-color:var(--awb-color4);--awb-flex-wrap:wrap;\" ><div class=\"fusion-builder-row fusion-row fusion-flex-align-items-flex-start fusion-flex-justify-content-center fusion-flex-content-wrap\" style=\"max-width:1284px;margin-left: calc(-7% \/ 2 );margin-right: calc(-7% \/ 2 );\"><div class=\"fusion-layout-column fusion_builder_column fusion-builder-column-0 fusion-flex-column fusion-animated\" style=\"--awb-bg-size:cover;--awb-border-color:#00a4e0;--awb-border-color-hover:var(--awb-custom_color_1);--awb-border-top:0px;--awb-border-right:0px;--awb-border-bottom:6px;--awb-border-left:0px;--awb-border-style:solid;--awb-width-large:31%;--awb-spacing-right-large:10.5%;--awb-margin-bottom-large:10px;--awb-spacing-left-large:10.5%;--awb-width-medium:31%;--awb-order-medium:0;--awb-spacing-right-medium:10.5%;--awb-spacing-left-medium:10.5%;--awb-width-small:100%;--awb-order-small:0;--awb-spacing-right-small:3.255%;--awb-margin-bottom-small:30px;--awb-spacing-left-small:3.255%;\" data-animationType=\"slideInRight\" data-animationDuration=\"2.0\" data-animationOffset=\"top-into-view\" data-scroll-devices=\"small-visibility,medium-visibility,large-visibility\"><div class=\"fusion-column-wrapper fusion-column-has-shadow fusion-flex-justify-content-flex-start fusion-content-layout-column\"><div class=\"fusion-image-element \" style=\"text-align:center;--awb-max-width:160px;--awb-caption-title-font-family:var(--h2_typography-font-family);--awb-caption-title-font-weight:var(--h2_typography-font-weight);--awb-caption-title-font-style:var(--h2_typography-font-style);--awb-caption-title-size:var(--h2_typography-font-size);--awb-caption-title-transform:var(--h2_typography-text-transform);--awb-caption-title-line-height:var(--h2_typography-line-height);--awb-caption-title-letter-spacing:var(--h2_typography-letter-spacing);\"><span class=\" fusion-imageframe imageframe-none imageframe-1 hover-type-none\"><img decoding=\"async\" width=\"303\" height=\"233\" title=\"smc-300&#215;256-1-1\" src=\"https:\/\/www.smcautomation.it\/wp-content\/uploads\/2025\/07\/smc-300x256-1-1-1.png\" data-orig-src=\"https:\/\/www.smcautomation.it\/wp-content\/uploads\/2025\/07\/smc-300x256-1-1-1.png\" alt class=\"lazyload img-responsive wp-image-2663\" srcset=\"data:image\/svg+xml,%3Csvg%20xmlns%3D%27http%3A%2F%2Fwww.w3.org%2F2000%2Fsvg%27%20width%3D%27303%27%20height%3D%27233%27%20viewBox%3D%270%200%20303%20233%27%3E%3Crect%20width%3D%27303%27%20height%3D%27233%27%20fill-opacity%3D%220%22%2F%3E%3C%2Fsvg%3E\" data-srcset=\"https:\/\/www.smcautomation.it\/wp-content\/uploads\/2025\/07\/smc-300x256-1-1-1-200x154.png 200w, https:\/\/www.smcautomation.it\/wp-content\/uploads\/2025\/07\/smc-300x256-1-1-1.png 303w\" data-sizes=\"auto\" data-orig-sizes=\"(max-width: 800px) 100vw, 303px\" \/><\/span><\/div><div class=\"fusion-separator fusion-full-width-sep\" style=\"align-self: center;margin-left: auto;margin-right: auto;margin-top:5%;width:100%;\"><\/div><div class=\"fusion-text fusion-text-1 fusion-text-no-margin\" style=\"--awb-font-size:19px;--awb-text-transform:none;--awb-text-color:var(--awb-color1);--awb-margin-bottom:5px;\"><p style=\"text-align: center;\"><strong>Clicca e scopri<\/strong><\/p>\n<\/div><div class=\"fusion-separator fusion-full-width-sep\" style=\"align-self: center;margin-left: auto;margin-right: auto;margin-top:3%;width:100%;\"><\/div><div style=\"text-align:center;\"><a class=\"fusion-button button-flat button-xlarge button-custom fusion-button-default button-1 fusion-button-default-span fusion-button-default-type\" style=\"--button_accent_color:var(--awb-color8);--button_accent_hover_color:var(--awb-color1);--button_border_hover_color:var(--awb-color1);--button_gradient_top_color:#00a4e0;--button_gradient_bottom_color:#00a4e0;--button_gradient_top_color_hover:hsla(var(--awb-color5-h),var(--awb-color5-s),calc(var(--awb-color5-l) - 8%),var(--awb-color5-a));--button_gradient_bottom_color_hover:hsla(var(--awb-color5-h),var(--awb-color5-s),calc(var(--awb-color5-l) - 8%),var(--awb-color5-a));--button_text_transform:uppercase;\" target=\"_self\" href=\"https:\/\/www.smcautomation.it\/services\/automation-and-special-machines\/\"><i class=\"fa-hand-pointer fas button-icon-left\" aria-hidden=\"true\"><\/i><span class=\"fusion-button-text\">Automazione e macchine speciali<\/span><\/a><\/div><\/div><\/div><div class=\"fusion-layout-column fusion_builder_column fusion-builder-column-1 fusion-flex-column fusion-animated\" style=\"--awb-bg-size:cover;--awb-border-color:var(--awb-color5);--awb-border-color-hover:var(--awb-custom_color_1);--awb-border-top:0px;--awb-border-right:0px;--awb-border-bottom:6px;--awb-border-left:0px;--awb-border-style:solid;--awb-width-large:31%;--awb-spacing-right-large:10.5%;--awb-margin-bottom-large:10px;--awb-spacing-left-large:10.5%;--awb-width-medium:31%;--awb-order-medium:0;--awb-spacing-right-medium:10.5%;--awb-spacing-left-medium:10.5%;--awb-width-small:100%;--awb-order-small:0;--awb-spacing-right-small:3.255%;--awb-margin-bottom-small:30px;--awb-spacing-left-small:3.255%;\" data-animationType=\"slideInRight\" data-animationDuration=\"2.0\" data-animationDelay=\"0.3\" data-animationOffset=\"top-into-view\" data-scroll-devices=\"small-visibility,medium-visibility,large-visibility\"><div class=\"fusion-column-wrapper fusion-column-has-shadow fusion-flex-justify-content-flex-start fusion-content-layout-column\"><div class=\"fusion-image-element \" style=\"text-align:center;--awb-max-width:160px;--awb-caption-title-font-family:var(--h2_typography-font-family);--awb-caption-title-font-weight:var(--h2_typography-font-weight);--awb-caption-title-font-style:var(--h2_typography-font-style);--awb-caption-title-size:var(--h2_typography-font-size);--awb-caption-title-transform:var(--h2_typography-text-transform);--awb-caption-title-line-height:var(--h2_typography-line-height);--awb-caption-title-letter-spacing:var(--h2_typography-letter-spacing);\"><span class=\" fusion-imageframe imageframe-none imageframe-2 hover-type-none\"><img decoding=\"async\" width=\"300\" height=\"233\" title=\"smc-1 copia\" src=\"https:\/\/www.smcautomation.it\/wp-content\/uploads\/2025\/05\/smc-1-copia.png\" data-orig-src=\"https:\/\/www.smcautomation.it\/wp-content\/uploads\/2025\/05\/smc-1-copia.png\" alt class=\"lazyload img-responsive wp-image-2379\" srcset=\"data:image\/svg+xml,%3Csvg%20xmlns%3D%27http%3A%2F%2Fwww.w3.org%2F2000%2Fsvg%27%20width%3D%27300%27%20height%3D%27233%27%20viewBox%3D%270%200%20300%20233%27%3E%3Crect%20width%3D%27300%27%20height%3D%27233%27%20fill-opacity%3D%220%22%2F%3E%3C%2Fsvg%3E\" data-srcset=\"https:\/\/www.smcautomation.it\/wp-content\/uploads\/2025\/05\/smc-1-copia-200x155.png 200w, https:\/\/www.smcautomation.it\/wp-content\/uploads\/2025\/05\/smc-1-copia.png 300w\" data-sizes=\"auto\" data-orig-sizes=\"(max-width: 800px) 100vw, 300px\" \/><\/span><\/div><div class=\"fusion-separator fusion-full-width-sep\" style=\"align-self: center;margin-left: auto;margin-right: auto;margin-top:5%;width:100%;\"><\/div><div class=\"fusion-text fusion-text-2 fusion-text-no-margin\" style=\"--awb-font-size:19px;--awb-text-transform:none;--awb-text-color:var(--awb-color1);--awb-margin-bottom:5px;\"><p style=\"text-align: center;\"><strong>Clicca e scopri<\/strong><\/p>\n<\/div><div class=\"fusion-separator fusion-full-width-sep\" style=\"align-self: center;margin-left: auto;margin-right: auto;margin-top:3%;width:100%;\"><\/div><div style=\"text-align:center;\"><a class=\"fusion-button button-flat button-xlarge button-custom fusion-button-default button-2 fusion-button-default-span fusion-button-default-type\" style=\"--button_accent_color:var(--awb-color8);--button_accent_hover_color:var(--awb-color1);--button_border_hover_color:var(--awb-color1);--button_gradient_top_color:var(--awb-color5);--button_gradient_bottom_color:var(--awb-color5);--button_gradient_top_color_hover:hsla(var(--awb-color5-h),var(--awb-color5-s),calc(var(--awb-color5-l) - 8%),var(--awb-color5-a));--button_gradient_bottom_color_hover:hsla(var(--awb-color5-h),var(--awb-color5-s),calc(var(--awb-color5-l) - 8%),var(--awb-color5-a));--button_text_transform:uppercase;--button_typography-letter-spacing:+1px;\" target=\"_self\" href=\"https:\/\/www.smcautomation.it\/services\/sheet-metal-dies\/\"><i class=\"fa-hand-pointer fas button-icon-left\" aria-hidden=\"true\"><\/i><span class=\"fusion-button-text\">Stampi in lamiera personalizzati<\/span><\/a><\/div><\/div><\/div><div class=\"fusion-layout-column fusion_builder_column fusion-builder-column-2 fusion-flex-column fusion-animated\" style=\"--awb-bg-size:cover;--awb-border-color:var(--awb-custom_color_1);--awb-border-color-hover:var(--awb-custom_color_1);--awb-border-top:0px;--awb-border-right:0px;--awb-border-bottom:6px;--awb-border-left:0px;--awb-border-style:solid;--awb-width-large:31%;--awb-spacing-right-large:10.5%;--awb-margin-bottom-large:10px;--awb-spacing-left-large:10.5%;--awb-width-medium:31%;--awb-order-medium:0;--awb-spacing-right-medium:10.5%;--awb-spacing-left-medium:10.5%;--awb-width-small:100%;--awb-order-small:0;--awb-spacing-right-small:3.255%;--awb-margin-bottom-small:30px;--awb-spacing-left-small:3.255%;\" data-animationType=\"slideInRight\" data-animationDuration=\"2.0\" data-animationDelay=\"0.6\" data-animationOffset=\"top-into-view\" data-scroll-devices=\"small-visibility,medium-visibility,large-visibility\"><div class=\"fusion-column-wrapper fusion-column-has-shadow fusion-flex-justify-content-flex-start fusion-content-layout-column\"><div class=\"fusion-image-element \" style=\"text-align:center;--awb-max-width:160px;--awb-caption-title-font-family:var(--h2_typography-font-family);--awb-caption-title-font-weight:var(--h2_typography-font-weight);--awb-caption-title-font-style:var(--h2_typography-font-style);--awb-caption-title-size:var(--h2_typography-font-size);--awb-caption-title-transform:var(--h2_typography-text-transform);--awb-caption-title-line-height:var(--h2_typography-line-height);--awb-caption-title-letter-spacing:var(--h2_typography-letter-spacing);\"><span class=\" fusion-imageframe imageframe-none imageframe-3 hover-type-none\"><img decoding=\"async\" width=\"300\" height=\"233\" title=\"smc-1 copia1\" src=\"https:\/\/www.smcautomation.it\/wp-content\/uploads\/2025\/05\/smc-1-copia1.png\" data-orig-src=\"https:\/\/www.smcautomation.it\/wp-content\/uploads\/2025\/05\/smc-1-copia1.png\" alt class=\"lazyload img-responsive wp-image-2381\" srcset=\"data:image\/svg+xml,%3Csvg%20xmlns%3D%27http%3A%2F%2Fwww.w3.org%2F2000%2Fsvg%27%20width%3D%27300%27%20height%3D%27233%27%20viewBox%3D%270%200%20300%20233%27%3E%3Crect%20width%3D%27300%27%20height%3D%27233%27%20fill-opacity%3D%220%22%2F%3E%3C%2Fsvg%3E\" data-srcset=\"https:\/\/www.smcautomation.it\/wp-content\/uploads\/2025\/05\/smc-1-copia1-200x155.png 200w, https:\/\/www.smcautomation.it\/wp-content\/uploads\/2025\/05\/smc-1-copia1.png 300w\" data-sizes=\"auto\" data-orig-sizes=\"(max-width: 800px) 100vw, 300px\" \/><\/span><\/div><div class=\"fusion-separator fusion-full-width-sep\" style=\"align-self: center;margin-left: auto;margin-right: auto;margin-top:5%;width:100%;\"><\/div><div class=\"fusion-text fusion-text-3 fusion-text-no-margin\" style=\"--awb-font-size:19px;--awb-text-transform:none;--awb-text-color:var(--awb-color1);--awb-margin-bottom:5px;\"><p style=\"text-align: center;\"><strong>Clicca e scopri<\/strong><\/p>\n<\/div><div class=\"fusion-separator fusion-full-width-sep\" style=\"align-self: center;margin-left: auto;margin-right: auto;margin-top:3%;width:100%;\"><\/div><div style=\"text-align:center;\"><a class=\"fusion-button button-flat button-xlarge button-custom fusion-button-default button-3 fusion-button-span-no fusion-button-default-type\" style=\"--button_accent_color:var(--awb-color8);--button_accent_hover_color:var(--awb-color1);--button_border_hover_color:var(--awb-color1);--button_gradient_top_color:var(--awb-custom_color_1);--button_gradient_bottom_color:var(--awb-custom_color_1);--button_gradient_top_color_hover:hsla(var(--awb-color5-h),var(--awb-color5-s),calc(var(--awb-color5-l) - 8%),var(--awb-color5-a));--button_gradient_bottom_color_hover:hsla(var(--awb-color5-h),var(--awb-color5-s),calc(var(--awb-color5-l) - 8%),var(--awb-color5-a));--button_text_transform:uppercase;\" target=\"_self\" href=\"https:\/\/www.smcautomation.it\/services\/quality-testing\/\"><i class=\"fa-hand-pointer fas button-icon-left\" aria-hidden=\"true\"><\/i><span class=\"fusion-button-text\">Servizi di test e controllo qualit\u00e0<\/span><\/a><\/div><\/div><\/div><\/div><\/div><div class=\"fusion-fullwidth fullwidth-box fusion-builder-row-2 fusion-flex-container has-pattern-background has-mask-background hundred-percent-fullwidth non-hundred-percent-height-scrolling fusion-no-small-visibility\" style=\"--awb-border-sizes-top:1px;--awb-border-sizes-bottom:1px;--awb-border-sizes-left:0px;--awb-border-sizes-right:0px;--awb-border-color:var(--awb-custom_color_1);--awb-border-radius-top-left:0px;--awb-border-radius-top-right:0px;--awb-border-radius-bottom-right:0px;--awb-border-radius-bottom-left:0px;--awb-padding-top:40px;--awb-padding-bottom:60px;--awb-background-color:var(--awb-color1);--awb-flex-wrap:wrap;\" ><div class=\"fusion-builder-row fusion-row fusion-flex-align-items-flex-start fusion-flex-content-wrap\" style=\"width:104% !important;max-width:104% !important;margin-left: calc(-4% \/ 2 );margin-right: calc(-4% \/ 2 );\"><div class=\"fusion-layout-column fusion_builder_column fusion-builder-column-3 fusion_builder_column_1_1 1_1 fusion-flex-column\" style=\"--awb-bg-size:cover;--awb-width-large:100%;--awb-spacing-right-large:0px;--awb-margin-bottom-large:0px;--awb-spacing-left-large:0px;--awb-width-medium:100%;--awb-order-medium:0;--awb-spacing-right-medium:0px;--awb-spacing-left-medium:0px;--awb-width-small:100%;--awb-order-small:0;--awb-spacing-right-small:1.92%;--awb-spacing-left-small:1.92%;\"><div class=\"fusion-column-wrapper fusion-column-has-shadow fusion-flex-justify-content-flex-start fusion-content-layout-column\"><div class=\"fusion-title title fusion-title-1 fusion-sep-none fusion-title-marquee fusion-loop-off fusion-title-size-div fusion-text-has-stroke\" style=\"--awb-text-color:var(--awb-color1);--awb-text-stroke-color:var(--awb-color4);--awb-marquee-speed:40000ms;--awb-marquee-translate-x:-100%;--awb-font-size:var(--awb-custom_typography_2-font-size);\"><div class=\"fusion-title-heading title-heading-left title-heading-tag awb-marquee-left fusion-responsive-typography-calculated\" style=\"font-family:var(--awb-custom_typography_2-font-family);font-weight:var(--awb-custom_typography_2-font-weight);font-style:var(--awb-custom_typography_2-font-style);margin:0;font-size:1em;letter-spacing:var(--awb-custom_typography_2-letter-spacing);text-transform:var(--awb-custom_typography_2-text-transform);--fontSize:100;line-height:var(--awb-custom_typography_2-line-height);\"><span class=\"awb-marquee-content\">Innovazione e precisione per l\u2019industria: soluzioni di automazione, stampi e controllo qualit\u00e0 personalizzato.<\/span><span class=\"awb-marquee-content\">Innovazione e precisione per l\u2019industria: soluzioni di automazione, stampi e controllo qualit\u00e0 personalizzato.<\/span><\/div><\/div><\/div><\/div><div class=\"fusion-layout-column fusion_builder_column fusion-builder-column-4 fusion_builder_column_1_1 1_1 fusion-flex-column\" style=\"--awb-bg-size:cover;--awb-width-large:100%;--awb-spacing-right-large:0px;--awb-margin-bottom-large:0px;--awb-spacing-left-large:0px;--awb-width-medium:100%;--awb-order-medium:0;--awb-spacing-right-medium:0px;--awb-spacing-left-medium:0px;--awb-width-small:100%;--awb-order-small:0;--awb-spacing-right-small:1.92%;--awb-spacing-left-small:1.92%;\"><div class=\"fusion-column-wrapper fusion-column-has-shadow fusion-flex-justify-content-flex-start fusion-content-layout-column\"><div class=\"fusion-title title fusion-title-2 fusion-sep-none fusion-title-marquee fusion-loop-off fusion-title-size-div\" style=\"--awb-text-stroke-color:var(--awb-color4);--awb-marquee-speed:25000ms;--awb-marquee-translate-x:100%;--awb-font-size:var(--awb-typography2-font-size);\"><div class=\"fusion-title-heading title-heading-left title-heading-tag awb-marquee-right fusion-responsive-typography-calculated\" style=\"margin:0;font-size:1em;--fontSize:24;--minFontSize:24;line-height:var(--awb-typography4-line-height);\" dir=\"rtl\"><span dir=\"ltr\" class=\"awb-marquee-content\">Scopri le nostre soluzioni di automazione | Precisione e qualit\u00e0 nei nostri stampi | Test e controllo qualit\u00e0 per la massima affidabilit\u00e0 |<\/span><span dir=\"ltr\" class=\"awb-marquee-content\">Scopri le nostre soluzioni di automazione | Precisione e qualit\u00e0 nei nostri stampi | Test e controllo qualit\u00e0 per la massima affidabilit\u00e0 |<\/span><\/div><\/div><\/div><\/div><\/div><\/div>\n<\/p>\n","protected":false},"excerpt":{"rendered":"","protected":false},"author":1,"featured_media":0,"parent":0,"menu_order":0,"comment_status":"closed","ping_status":"closed","template":"100-width.php","meta":{"_acf_changed":false,"om_disable_all_campaigns":false,"_monsterinsights_skip_tracking":false,"_monsterinsights_sitenote_active":false,"_monsterinsights_sitenote_note":"","_monsterinsights_sitenote_category":0,"footnotes":""},"class_list":["post-2752","page","type-page","status-publish","hentry"],"acf":[],"aioseo_notices":[],"_links":{"self":[{"href":"https:\/\/www.smcautomation.it\/it\/wp-json\/wp\/v2\/pages\/2752","targetHints":{"allow":["GET"]}}],"collection":[{"href":"https:\/\/www.smcautomation.it\/it\/wp-json\/wp\/v2\/pages"}],"about":[{"href":"https:\/\/www.smcautomation.it\/it\/wp-json\/wp\/v2\/types\/page"}],"author":[{"embeddable":true,"href":"https:\/\/www.smcautomation.it\/it\/wp-json\/wp\/v2\/users\/1"}],"replies":[{"embeddable":true,"href":"https:\/\/www.smcautomation.it\/it\/wp-json\/wp\/v2\/comments?post=2752"}],"version-history":[{"count":4,"href":"https:\/\/www.smcautomation.it\/it\/wp-json\/wp\/v2\/pages\/2752\/revisions"}],"predecessor-version":[{"id":2788,"href":"https:\/\/www.smcautomation.it\/it\/wp-json\/wp\/v2\/pages\/2752\/revisions\/2788"}],"wp:attachment":[{"href":"https:\/\/www.smcautomation.it\/it\/wp-json\/wp\/v2\/media?parent=2752"}],"curies":[{"name":"wp","href":"https:\/\/api.w.org\/{rel}","templated":true}]}}